{"id":74,"date":"2021-09-29T09:08:40","date_gmt":"2021-09-29T07:08:40","guid":{"rendered":"http:\/\/www.agneaudeslindarets.fr\/?page_id=74"},"modified":"2023-09-20T09:12:03","modified_gmt":"2023-09-20T07:12:03","slug":"a-propos-de","status":"publish","type":"page","link":"https:\/\/www.agneaudeslindarets.fr\/index.php\/a-propos-de\/","title":{"rendered":"\u00c0 propos de nos animaux"},"content":{"rendered":"\n<p>Notre ferme accueille notre troupeau de brebis allaitantes et quelques ch\u00e8vres. Nous accueillons une dizaine de g\u00e9nisses d&#8217;une ferme voisine pendant la saison d&#8217;alpage.<\/p>\n\n\n\n<p>Nos \u00e2nes Tino et Paquito gardent les brebis et nous accompagnent en montagne pour les balades en famille et entre amis.<\/p>\n\n\n\n<div class=\"wp-block-columns is-layout-flex wp-container-core-columns-is-layout-9d6595d7 wp-block-columns-is-layout-flex\">\n<div class=\"wp-block-column is-layout-flow wp-block-column-is-layout-flow\" style=\"flex-basis:33.33%\">\n<figure class=\"wp-block-image size-large is-style-default\"><img loading=\"lazy\" decoding=\"async\" width=\"1024\" height=\"768\" src=\"http:\/\/www.agneaudeslindarets.fr\/wp-content\/uploads\/2021\/09\/IMG_6219-1024x768.jpg\" alt=\"\" class=\"wp-image-121\" srcset=\"https:\/\/www.agneaudeslindarets.fr\/wp-content\/uploads\/2021\/09\/IMG_6219-1024x768.jpg 1024w, https:\/\/www.agneaudeslindarets.fr\/wp-content\/uploads\/2021\/09\/IMG_6219-300x225.jpg 300w, https:\/\/www.agneaudeslindarets.fr\/wp-content\/uploads\/2021\/09\/IMG_6219-768x576.jpg 768w, https:\/\/www.agneaudeslindarets.fr\/wp-content\/uploads\/2021\/09\/IMG_6219-1536x1152.jpg 1536w, https:\/\/www.agneaudeslindarets.fr\/wp-content\/uploads\/2021\/09\/IMG_6219-2048x1536.jpg 2048w\" sizes=\"auto, (max-width: 706px) 89vw, (max-width: 767px) 82vw, 740px\" \/><\/figure>\n\n\n\n<figure class=\"wp-block-image size-large is-style-default\"><img loading=\"lazy\" decoding=\"async\" width=\"768\" height=\"1024\" src=\"http:\/\/www.agneaudeslindarets.fr\/wp-content\/uploads\/2021\/09\/IMG_2877-768x1024.jpg\" alt=\"\" class=\"wp-image-122\" srcset=\"https:\/\/www.agneaudeslindarets.fr\/wp-content\/uploads\/2021\/09\/IMG_2877-768x1024.jpg 768w, https:\/\/www.agneaudeslindarets.fr\/wp-content\/uploads\/2021\/09\/IMG_2877-225x300.jpg 225w, https:\/\/www.agneaudeslindarets.fr\/wp-content\/uploads\/2021\/09\/IMG_2877-1152x1536.jpg 1152w, https:\/\/www.agneaudeslindarets.fr\/wp-content\/uploads\/2021\/09\/IMG_2877-1536x2048.jpg 1536w, https:\/\/www.agneaudeslindarets.fr\/wp-content\/uploads\/2021\/09\/IMG_2877-scaled.jpg 1920w\" sizes=\"auto, (max-width: 706px) 89vw, (max-width: 767px) 82vw, 740px\" \/><\/figure>\n<\/div>\n\n\n\n<div class=\"wp-block-column is-layout-flow wp-block-column-is-layout-flow\" style=\"flex-basis:66.66%\">\n<p><strong>Nos brebis<\/strong><\/p>\n\n\n\n<p>La plupart de nos brebis sont de race Berrichon de l\u2019Indre, une des cinq races ovines r\u00e9pertori\u00e9es dans l\u2019Arche du Go\u00fbt en France parmi les produits alimentaires de qualit\u00e9 menac\u00e9s d&#8217;extinction. C\u2019est un animal sobre, rustique et bon marcheur.<\/p>\n\n\n\n<p>Nos agneaux naissent l\u2019hiver en bergerie au dessous d&#8217;Orange (74) et sont allait\u00e9s par leur m\u00e8re jusqu\u2019au printemps. Quelques-uns sont commercialis\u00e9s au printemps \u00e0 des restaurateurs mais la plupart d&#8217;entre eux passe l\u2019\u00e9t\u00e9 en alpage avec nos 130 brebis au-dessus des Lindarets (le village des ch\u00e8vres \u00e0 deux pas d&#8217;Avoriaz) et sont commercialis\u00e9s \u00e0 l\u2019automne (agneaux d\u2019alpage, 20 kg de carcasse).<\/p>\n<\/div>\n<\/div>\n\n\n\n<figure class=\"wp-block-gallery has-nested-images columns-default is-cropped wp-block-gallery-1 is-layout-flex wp-block-gallery-is-layout-flex\">\n<figure class=\"wp-block-image size-large is-style-default\"><img loading=\"lazy\" decoding=\"async\" width=\"1024\" height=\"768\" data-id=\"124\" src=\"http:\/\/www.agneaudeslindarets.fr\/wp-content\/uploads\/2021\/09\/IMG_0844-1024x768.jpg\" alt=\"\" class=\"wp-image-124\" srcset=\"https:\/\/www.agneaudeslindarets.fr\/wp-content\/uploads\/2021\/09\/IMG_0844-1024x768.jpg 1024w, https:\/\/www.agneaudeslindarets.fr\/wp-content\/uploads\/2021\/09\/IMG_0844-300x225.jpg 300w, https:\/\/www.agneaudeslindarets.fr\/wp-content\/uploads\/2021\/09\/IMG_0844-768x576.jpg 768w, https:\/\/www.agneaudeslindarets.fr\/wp-content\/uploads\/2021\/09\/IMG_0844-1536x1152.jpg 1536w, https:\/\/www.agneaudeslindarets.fr\/wp-content\/uploads\/2021\/09\/IMG_0844-2048x1536.jpg 2048w\" sizes=\"auto, (max-width: 706px) 89vw, (max-width: 767px) 82vw, 740px\" \/><\/figure>\n\n\n\n<figure class=\"wp-block-image size-large is-style-default\"><img loading=\"lazy\" decoding=\"async\" width=\"1024\" height=\"768\" data-id=\"125\" src=\"http:\/\/www.agneaudeslindarets.fr\/wp-content\/uploads\/2021\/09\/IMG_6721-1-1024x768.jpg\" alt=\"\" class=\"wp-image-125\" srcset=\"https:\/\/www.agneaudeslindarets.fr\/wp-content\/uploads\/2021\/09\/IMG_6721-1-1024x768.jpg 1024w, https:\/\/www.agneaudeslindarets.fr\/wp-content\/uploads\/2021\/09\/IMG_6721-1-300x225.jpg 300w, https:\/\/www.agneaudeslindarets.fr\/wp-content\/uploads\/2021\/09\/IMG_6721-1-768x576.jpg 768w, https:\/\/www.agneaudeslindarets.fr\/wp-content\/uploads\/2021\/09\/IMG_6721-1-1536x1152.jpg 1536w, https:\/\/www.agneaudeslindarets.fr\/wp-content\/uploads\/2021\/09\/IMG_6721-1.jpg 2016w\" sizes=\"auto, (max-width: 706px) 89vw, (max-width: 767px) 82vw, 740px\" \/><\/figure>\n\n\n\n<figure class=\"wp-block-image size-large is-style-default\"><img loading=\"lazy\" decoding=\"async\" width=\"768\" height=\"1024\" data-id=\"126\" src=\"http:\/\/www.agneaudeslindarets.fr\/wp-content\/uploads\/2021\/09\/IMG_6722-768x1024.jpg\" alt=\"\" class=\"wp-image-126\" srcset=\"https:\/\/www.agneaudeslindarets.fr\/wp-content\/uploads\/2021\/09\/IMG_6722-768x1024.jpg 768w, https:\/\/www.agneaudeslindarets.fr\/wp-content\/uploads\/2021\/09\/IMG_6722-225x300.jpg 225w, https:\/\/www.agneaudeslindarets.fr\/wp-content\/uploads\/2021\/09\/IMG_6722-1152x1536.jpg 1152w, https:\/\/www.agneaudeslindarets.fr\/wp-content\/uploads\/2021\/09\/IMG_6722-rotated.jpg 1512w\" sizes=\"auto, (max-width: 706px) 89vw, (max-width: 767px) 82vw, 740px\" \/><\/figure>\n<\/figure>\n\n\n\n<p>\u200b<\/p>\n\n\n\n<div class=\"wp-block-columns is-layout-flex wp-container-core-columns-is-layout-9d6595d7 wp-block-columns-is-layout-flex\">\n<div class=\"wp-block-column is-layout-flow wp-block-column-is-layout-flow\">\n<p><strong> Nos ch\u00e8vres<\/strong> <\/p>\n\n\n\n<p>Depuis fin 2020, une petite troupe de ch\u00e8vres Alpines et Saanen accompagn\u00e9es d&#8217;Emile, notre bouc, nous suivent tout au long de l&#8217;ann\u00e9e entre l&#8217;alpage et la bergerie. <\/p>\n\n\n\n<p>Ils nous permettent de monter notre nouvelle activit\u00e9 &#8211; la fabrication des fromages de ch\u00e8vre&#8230;.. <\/p>\n<\/div>\n\n\n\n<div class=\"wp-block-column is-layout-flow wp-block-column-is-layout-flow\">\n<figure class=\"wp-block-image size-large is-style-default\"><img loading=\"lazy\" decoding=\"async\" width=\"1024\" height=\"768\" src=\"http:\/\/www.agneaudeslindarets.fr\/wp-content\/uploads\/2021\/09\/IMG_1916-1024x768.jpg\" alt=\"\" class=\"wp-image-140\" srcset=\"https:\/\/www.agneaudeslindarets.fr\/wp-content\/uploads\/2021\/09\/IMG_1916-1024x768.jpg 1024w, https:\/\/www.agneaudeslindarets.fr\/wp-content\/uploads\/2021\/09\/IMG_1916-300x225.jpg 300w, https:\/\/www.agneaudeslindarets.fr\/wp-content\/uploads\/2021\/09\/IMG_1916-768x576.jpg 768w, https:\/\/www.agneaudeslindarets.fr\/wp-content\/uploads\/2021\/09\/IMG_1916-1536x1152.jpg 1536w, https:\/\/www.agneaudeslindarets.fr\/wp-content\/uploads\/2021\/09\/IMG_1916-2048x1536.jpg 2048w\" sizes=\"auto, (max-width: 706px) 89vw, (max-width: 767px) 82vw, 740px\" \/><\/figure>\n<\/div>\n<\/div>\n\n\n\n<figure class=\"wp-block-gallery has-nested-images columns-default is-cropped wp-block-gallery-2 is-layout-flex wp-block-gallery-is-layout-flex\">\n<figure class=\"wp-block-image size-large is-style-default\"><img loading=\"lazy\" decoding=\"async\" width=\"1024\" height=\"768\" data-id=\"142\" src=\"http:\/\/www.agneaudeslindarets.fr\/wp-content\/uploads\/2021\/09\/IMG_5217-1024x768.jpg\" alt=\"\" class=\"wp-image-142\" srcset=\"https:\/\/www.agneaudeslindarets.fr\/wp-content\/uploads\/2021\/09\/IMG_5217-1024x768.jpg 1024w, https:\/\/www.agneaudeslindarets.fr\/wp-content\/uploads\/2021\/09\/IMG_5217-300x225.jpg 300w, https:\/\/www.agneaudeslindarets.fr\/wp-content\/uploads\/2021\/09\/IMG_5217-768x576.jpg 768w, https:\/\/www.agneaudeslindarets.fr\/wp-content\/uploads\/2021\/09\/IMG_5217-1536x1152.jpg 1536w, https:\/\/www.agneaudeslindarets.fr\/wp-content\/uploads\/2021\/09\/IMG_5217-2048x1536.jpg 2048w\" sizes=\"auto, (max-width: 706px) 89vw, (max-width: 767px) 82vw, 740px\" \/><\/figure>\n\n\n\n<figure class=\"wp-block-image size-large is-style-default\"><img loading=\"lazy\" decoding=\"async\" width=\"480\" height=\"640\" data-id=\"189\" src=\"http:\/\/www.agneaudeslindarets.fr\/wp-content\/uploads\/2021\/09\/IMG_5865-rotated.jpg\" alt=\"\" class=\"wp-image-189\" srcset=\"https:\/\/www.agneaudeslindarets.fr\/wp-content\/uploads\/2021\/09\/IMG_5865-rotated.jpg 480w, https:\/\/www.agneaudeslindarets.fr\/wp-content\/uploads\/2021\/09\/IMG_5865-225x300.jpg 225w\" sizes=\"auto, (max-width: 480px) 100vw, 480px\" \/><\/figure>\n\n\n\n<figure class=\"wp-block-image size-large is-style-default\"><img loading=\"lazy\" decoding=\"async\" width=\"768\" height=\"1024\" data-id=\"143\" src=\"http:\/\/www.agneaudeslindarets.fr\/wp-content\/uploads\/2021\/09\/IMG_6092-768x1024.jpg\" alt=\"\" class=\"wp-image-143\" srcset=\"https:\/\/www.agneaudeslindarets.fr\/wp-content\/uploads\/2021\/09\/IMG_6092-768x1024.jpg 768w, https:\/\/www.agneaudeslindarets.fr\/wp-content\/uploads\/2021\/09\/IMG_6092-225x300.jpg 225w, https:\/\/www.agneaudeslindarets.fr\/wp-content\/uploads\/2021\/09\/IMG_6092-1152x1536.jpg 1152w, https:\/\/www.agneaudeslindarets.fr\/wp-content\/uploads\/2021\/09\/IMG_6092-1536x2048.jpg 1536w, https:\/\/www.agneaudeslindarets.fr\/wp-content\/uploads\/2021\/09\/IMG_6092-scaled.jpg 1920w\" sizes=\"auto, (max-width: 706px) 89vw, (max-width: 767px) 82vw, 740px\" \/><\/figure>\n<\/figure>\n\n\n\n<figure class=\"wp-block-gallery has-nested-images columns-default is-cropped wp-block-gallery-3 is-layout-flex wp-block-gallery-is-layout-flex\">\n<figure class=\"wp-block-image size-large is-style-default\"><img loading=\"lazy\" decoding=\"async\" width=\"1024\" height=\"768\" data-id=\"147\" src=\"http:\/\/www.agneaudeslindarets.fr\/wp-content\/uploads\/2021\/09\/IMG_0110-1024x768.jpg\" alt=\"\" class=\"wp-image-147\" srcset=\"https:\/\/www.agneaudeslindarets.fr\/wp-content\/uploads\/2021\/09\/IMG_0110-1024x768.jpg 1024w, https:\/\/www.agneaudeslindarets.fr\/wp-content\/uploads\/2021\/09\/IMG_0110-300x225.jpg 300w, https:\/\/www.agneaudeslindarets.fr\/wp-content\/uploads\/2021\/09\/IMG_0110-768x576.jpg 768w, https:\/\/www.agneaudeslindarets.fr\/wp-content\/uploads\/2021\/09\/IMG_0110-1536x1152.jpg 1536w, https:\/\/www.agneaudeslindarets.fr\/wp-content\/uploads\/2021\/09\/IMG_0110-2048x1536.jpg 2048w\" sizes=\"auto, (max-width: 706px) 89vw, (max-width: 767px) 82vw, 740px\" \/><\/figure>\n\n\n\n<figure class=\"wp-block-image size-large is-style-default\"><img loading=\"lazy\" decoding=\"async\" width=\"768\" height=\"1024\" data-id=\"148\" src=\"http:\/\/www.agneaudeslindarets.fr\/wp-content\/uploads\/2021\/09\/IMG_6268-768x1024.jpg\" alt=\"\" class=\"wp-image-148\" srcset=\"https:\/\/www.agneaudeslindarets.fr\/wp-content\/uploads\/2021\/09\/IMG_6268-768x1024.jpg 768w, https:\/\/www.agneaudeslindarets.fr\/wp-content\/uploads\/2021\/09\/IMG_6268-225x300.jpg 225w, https:\/\/www.agneaudeslindarets.fr\/wp-content\/uploads\/2021\/09\/IMG_6268-1152x1536.jpg 1152w, https:\/\/www.agneaudeslindarets.fr\/wp-content\/uploads\/2021\/09\/IMG_6268-1536x2048.jpg 1536w, https:\/\/www.agneaudeslindarets.fr\/wp-content\/uploads\/2021\/09\/IMG_6268-scaled.jpg 1920w\" sizes=\"auto, (max-width: 706px) 89vw, (max-width: 767px) 82vw, 740px\" \/><\/figure>\n\n\n\n<figure class=\"wp-block-image size-large is-style-default\"><img loading=\"lazy\" decoding=\"async\" width=\"1024\" height=\"768\" data-id=\"150\" src=\"http:\/\/www.agneaudeslindarets.fr\/wp-content\/uploads\/2021\/09\/IMG_6289-1024x768.jpg\" alt=\"\" class=\"wp-image-150\" srcset=\"https:\/\/www.agneaudeslindarets.fr\/wp-content\/uploads\/2021\/09\/IMG_6289-1024x768.jpg 1024w, https:\/\/www.agneaudeslindarets.fr\/wp-content\/uploads\/2021\/09\/IMG_6289-300x225.jpg 300w, https:\/\/www.agneaudeslindarets.fr\/wp-content\/uploads\/2021\/09\/IMG_6289-768x576.jpg 768w, https:\/\/www.agneaudeslindarets.fr\/wp-content\/uploads\/2021\/09\/IMG_6289-1536x1152.jpg 1536w, https:\/\/www.agneaudeslindarets.fr\/wp-content\/uploads\/2021\/09\/IMG_6289-2048x1536.jpg 2048w\" sizes=\"auto, (max-width: 706px) 89vw, (max-width: 767px) 82vw, 740px\" \/><\/figure>\n\n\n\n<figure class=\"wp-block-image size-large is-style-default\"><img loading=\"lazy\" decoding=\"async\" width=\"1024\" height=\"768\" data-id=\"153\" src=\"http:\/\/www.agneaudeslindarets.fr\/wp-content\/uploads\/2021\/09\/IMG_6266-1024x768.jpg\" alt=\"\" class=\"wp-image-153\" srcset=\"https:\/\/www.agneaudeslindarets.fr\/wp-content\/uploads\/2021\/09\/IMG_6266-1024x768.jpg 1024w, https:\/\/www.agneaudeslindarets.fr\/wp-content\/uploads\/2021\/09\/IMG_6266-300x225.jpg 300w, https:\/\/www.agneaudeslindarets.fr\/wp-content\/uploads\/2021\/09\/IMG_6266-768x576.jpg 768w, https:\/\/www.agneaudeslindarets.fr\/wp-content\/uploads\/2021\/09\/IMG_6266-1536x1152.jpg 1536w, https:\/\/www.agneaudeslindarets.fr\/wp-content\/uploads\/2021\/09\/IMG_6266-2048x1536.jpg 2048w\" sizes=\"auto, (max-width: 706px) 89vw, (max-width: 767px) 82vw, 740px\" \/><\/figure>\n\n\n\n<figure class=\"wp-block-image size-large is-style-default\"><img loading=\"lazy\" decoding=\"async\" width=\"1024\" height=\"768\" data-id=\"154\" src=\"http:\/\/www.agneaudeslindarets.fr\/wp-content\/uploads\/2021\/09\/IMG_6284-1024x768.jpg\" alt=\"\" class=\"wp-image-154\" srcset=\"https:\/\/www.agneaudeslindarets.fr\/wp-content\/uploads\/2021\/09\/IMG_6284-1024x768.jpg 1024w, https:\/\/www.agneaudeslindarets.fr\/wp-content\/uploads\/2021\/09\/IMG_6284-300x225.jpg 300w, https:\/\/www.agneaudeslindarets.fr\/wp-content\/uploads\/2021\/09\/IMG_6284-768x576.jpg 768w, https:\/\/www.agneaudeslindarets.fr\/wp-content\/uploads\/2021\/09\/IMG_6284-1536x1152.jpg 1536w, https:\/\/www.agneaudeslindarets.fr\/wp-content\/uploads\/2021\/09\/IMG_6284-2048x1536.jpg 2048w\" sizes=\"auto, (max-width: 706px) 89vw, (max-width: 767px) 82vw, 740px\" \/><\/figure>\n<\/figure>\n\n\n\n<p>\u200b<\/p>\n","protected":false},"excerpt":{"rendered":"<p>Notre ferme accueille notre troupeau de brebis allaitantes et quelques ch\u00e8vres. Nous accueillons une dizaine de g\u00e9nisses d&#8217;une ferme voisine pendant la saison d&#8217;alpage. Nos \u00e2nes Tino et Paquito gardent les brebis et nous accompagnent en montagne pour les balades en famille et entre amis. Nos brebis La plupart de nos brebis sont de race &hellip; <\/p>\n<p class=\"link-more\"><a href=\"https:\/\/www.agneaudeslindarets.fr\/index.php\/a-propos-de\/\" class=\"more-link\">Continue reading<span class=\"screen-reader-text\"> &#8220;\u00c0 propos de nos animaux&#8221;<\/span><\/a><\/p>\n","protected":false},"author":1,"featured_media":0,"parent":0,"menu_order":0,"comment_status":"closed","ping_status":"closed","template":"","meta":{"footnotes":""},"class_list":["post-74","page","type-page","status-publish","hentry"],"_links":{"self":[{"href":"https:\/\/www.agneaudeslindarets.fr\/index.php\/wp-json\/wp\/v2\/pages\/74","targetHints":{"allow":["GET"]}}],"collection":[{"href":"https:\/\/www.agneaudeslindarets.fr\/index.php\/wp-json\/wp\/v2\/pages"}],"about":[{"href":"https:\/\/www.agneaudeslindarets.fr\/index.php\/wp-json\/wp\/v2\/types\/page"}],"author":[{"embeddable":true,"href":"https:\/\/www.agneaudeslindarets.fr\/index.php\/wp-json\/wp\/v2\/users\/1"}],"replies":[{"embeddable":true,"href":"https:\/\/www.agneaudeslindarets.fr\/index.php\/wp-json\/wp\/v2\/comments?post=74"}],"version-history":[{"count":14,"href":"https:\/\/www.agneaudeslindarets.fr\/index.php\/wp-json\/wp\/v2\/pages\/74\/revisions"}],"predecessor-version":[{"id":214,"href":"https:\/\/www.agneaudeslindarets.fr\/index.php\/wp-json\/wp\/v2\/pages\/74\/revisions\/214"}],"wp:attachment":[{"href":"https:\/\/www.agneaudeslindarets.fr\/index.php\/wp-json\/wp\/v2\/media?parent=74"}],"curies":[{"name":"wp","href":"https:\/\/api.w.org\/{rel}","templated":true}]}}